{"id":26,"date":"2015-06-02T19:46:11","date_gmt":"2015-06-02T17:46:11","guid":{"rendered":"http:\/\/localhost\/wordpress-installation\/?page_id=26"},"modified":"2022-07-27T13:05:14","modified_gmt":"2022-07-27T11:05:14","slug":"fachanwaelte","status":"publish","type":"page","link":"https:\/\/www.anwalt-in-chemnitz.de\/index.php\/fachanwaelte\/","title":{"rendered":"Fachanw\u00e4lte"},"content":{"rendered":"<p><img loading=\"lazy\" decoding=\"async\" class=\"size-full wp-image-94 alignleft\" src=\"https:\/\/www.anwalt-in-chemnitz.de\/wp-content\/uploads\/2015\/09\/Dan_Fehlberg.jpg\" alt=\"Dan Fehlberg\" width=\"200\" height=\"250\" \/><\/p>\n<h2 style=\"text-align: left;\">Dan Fehlberg<\/h2>\n<p style=\"text-align: left;\">Rechtsanwalt Dan Fehlberg ber\u00e4t, unterst\u00fctzt und vertritt in Chemnitz und im Raum Stollberg im Erzgebirge beim Beginn, bei der \u00c4nderung und bei der Beendigung von Arbeitsverh\u00e4ltnissen sowie allen sonstigen Angelegenheiten und Konflikten zwischen den Arbeitsvertragsparteien. Neben Konfliktl\u00f6sungen erstellt Rechtsanwalt Dan Fehlberg rechtssichere Vertr\u00e4ge und Vereinbarungen. Er begleitet Sie sicher bei unternehmerischen Prozessen und Verhandlungen. Als Fachanwalt f\u00fcr <a href=\"https:\/\/www.anwalt-in-chemnitz.de\/?page_id=72\">Arbeitsrecht<\/a> kann er auf langj\u00e4hrige Erfahrung im Arbeitsrecht zugreifen, um Sie bei allen arbeitsrechtlichen Fragen zu unterst\u00fctzen. <a href=\"https:\/\/www.anwalt-in-chemnitz.de\/?page_id=74\">Erbrecht<\/a> und <a href=\"https:\/\/www.anwalt-in-chemnitz.de\/?page_id=76\">Miet- und Immobilienrecht<\/a>.<\/p>\n<p><img loading=\"lazy\" decoding=\"async\" class=\"size-full wp-image-95 alignleft\" src=\"https:\/\/www.anwalt-in-chemnitz.de\/wp-content\/uploads\/2015\/09\/Thoma_Braun.jpg\" alt=\"Thomas Braun\" width=\"200\" height=\"250\" \/><\/p>\n<h2 style=\"text-align: left;\">Thomas Braun<\/h2>\n<p style=\"text-align: left;\">Rechtsanwalt Thomas Braun ist seit 1991 als Rechtsanwalt in Stollberg t\u00e4tig und steht Ihnen seit 2002 auch in der eigenst\u00e4ndigen Chemnitzer Soziet\u00e4t Dr. K\u00fchlwein, Fetzner, Pfannkuch, Braun &amp; Fehlberg mit Rat und Tat in der Wahrung und Durchsetzung ihrer Rechte im <a href=\"https:\/\/www.anwalt-in-chemnitz.de\/?page_id=78\">Familien-<\/a> und <a href=\"https:\/\/www.anwalt-in-chemnitz.de\/?page_id=80\">Verkehrsrecht<\/a> zur Seite. Durch langj\u00e4hrige T\u00e4tigkeit im Verkehrsrecht vertritt er Sie durchsetzungsstark bei der Abwicklung von Unf\u00e4llen und wahrt Ihre Rechte bei der Verfolgung von Verkehrsdelikten. Als Fachanwalt f\u00fcr Familienrecht ber\u00e4t er Sie bei der Gestaltung von Ehevertr\u00e4gen, Scheidungen, Unterhaltsdurchsetzung bzw. \u2013abwehr, Verm\u00f6gensauseinanderandersetzungen und Sorgerechtsproblemen.<\/p>\n","protected":false},"excerpt":{"rendered":"<p>Dan Fehlberg Rechtsanwalt Dan Fehlberg ber\u00e4t, unterst\u00fctzt und vertritt in Chemnitz und im Raum Stollberg im Erzgebirge beim Beginn, bei der \u00c4nderung und bei der Beendigung von Arbeitsverh\u00e4ltnissen sowie allen sonstigen Angelegenheiten und Konflikten zwischen den Arbeitsvertragsparteien. Neben Konfliktl\u00f6sungen erstellt&hellip; <\/p>\n","protected":false},"author":1,"featured_media":0,"parent":0,"menu_order":2,"comment_status":"closed","ping_status":"closed","template":"","meta":{"footnotes":""},"class_list":["post-26","page","type-page","status-publish","hentry"],"_links":{"self":[{"href":"https:\/\/www.anwalt-in-chemnitz.de\/index.php\/wp-json\/wp\/v2\/pages\/26","targetHints":{"allow":["GET"]}}],"collection":[{"href":"https:\/\/www.anwalt-in-chemnitz.de\/index.php\/wp-json\/wp\/v2\/pages"}],"about":[{"href":"https:\/\/www.anwalt-in-chemnitz.de\/index.php\/wp-json\/wp\/v2\/types\/page"}],"author":[{"embeddable":true,"href":"https:\/\/www.anwalt-in-chemnitz.de\/index.php\/wp-json\/wp\/v2\/users\/1"}],"replies":[{"embeddable":true,"href":"https:\/\/www.anwalt-in-chemnitz.de\/index.php\/wp-json\/wp\/v2\/comments?post=26"}],"version-history":[{"count":16,"href":"https:\/\/www.anwalt-in-chemnitz.de\/index.php\/wp-json\/wp\/v2\/pages\/26\/revisions"}],"predecessor-version":[{"id":1255,"href":"https:\/\/www.anwalt-in-chemnitz.de\/index.php\/wp-json\/wp\/v2\/pages\/26\/revisions\/1255"}],"wp:attachment":[{"href":"https:\/\/www.anwalt-in-chemnitz.de\/index.php\/wp-json\/wp\/v2\/media?parent=26"}],"curies":[{"name":"wp","href":"https:\/\/api.w.org\/{rel}","templated":true}]}}