{"id":30,"date":"2015-06-02T19:49:03","date_gmt":"2015-06-02T17:49:03","guid":{"rendered":"http:\/\/localhost\/wordpress-installation\/?page_id=30"},"modified":"2018-05-24T18:57:00","modified_gmt":"2018-05-24T16:57:00","slug":"startseite","status":"publish","type":"page","link":"https:\/\/www.anwalt-in-chemnitz.de\/","title":{"rendered":"Startseite"},"content":{"rendered":"<h2><a href=\"https:\/\/www.anwalt-in-chemnitz.de\/?page_id=72\"><img loading=\"lazy\" decoding=\"async\" class=\"size-full wp-image-59 alignleft\" src=\"https:\/\/www.anwalt-in-chemnitz.de\/wp-content\/uploads\/2015\/09\/work_kreis2.png\" alt=\"Icon2\" width=\"96\" height=\"83\" \/><\/a>Arbeitsrecht<\/h2>\n<p>Wir k\u00fcmmern uns um Ihre Rechte als Arbeitgeber oder Arbeitnehmer bei \u00a0Abmahnung, K\u00fcndigung, Urlaub, Verg\u00fctung, Arbeitszeit, Abfindung, Aufhebungsvertr\u00e4gen und anderen arbeitsrechtlichen Fragestellungen. <a href=\"https:\/\/www.anwalt-in-chemnitz.de\/?page_id=72\">Mehr dazu<\/a><\/p>\n<p>&nbsp;<\/p>\n<h2>\u00a0<a href=\"https:\/\/www.anwalt-in-chemnitz.de\/?page_id=76\"><img loading=\"lazy\" decoding=\"async\" class=\"size-full wp-image-59 alignleft\" src=\"https:\/\/www.anwalt-in-chemnitz.de\/wp-content\/uploads\/2015\/09\/haus_kreis2.png\" alt=\"Icon2\" width=\"96\" height=\"83\" \/><\/a>Miet- und Immobilienrecht<\/h2>\n<p>Feuchte W\u00e4nde und Schimmel, M\u00e4ngel, Zahlungsr\u00fcckst\u00e4nde, Kaufvertr\u00e4ge, Streit mit Nachbarn, Mieterh\u00f6hung, K\u00fcndigung, Sch\u00f6nheitsreparaturen, WEG, Mietvertr\u00e4ge \u2013 wir stehen an Ihrer Seite mit Rat und Tat. <a href=\"https:\/\/www.anwalt-in-chemnitz.de\/?page_id=76\">Mehr dazu<\/a><\/p>\n<p>&nbsp;<\/p>\n<h2><a href=\"https:\/\/www.anwalt-in-chemnitz.de\/?page_id=74\"><img loading=\"lazy\" decoding=\"async\" class=\"size-full wp-image-59 alignleft\" src=\"https:\/\/www.anwalt-in-chemnitz.de\/wp-content\/uploads\/2015\/09\/erbe_kreis2.png\" alt=\"Icon2\" width=\"96\" height=\"83\" \/><\/a>Erbrecht<\/h2>\n<p style=\"text-align: left;\">Angesichts des Lebensendes sind viele Punkte zu bedenken: Erbfolge, Testament aufsetzen, Ausk\u00fcnfte einholen, Pflichtteil, Erbengemeinschaft, Auseinandersetzung, Schenkung \u2013 wir behalten den \u00dcberblick.\u00a0<a href=\"https:\/\/www.anwalt-in-chemnitz.de\/?page_id=74\">Mehr dazu<\/a><\/p>\n<p>&nbsp;<\/p>\n<h2><a href=\"https:\/\/www.anwalt-in-chemnitz.de\/?page_id=78\"><img loading=\"lazy\" decoding=\"async\" class=\"size-full wp-image-59 alignleft\" src=\"https:\/\/www.anwalt-in-chemnitz.de\/wp-content\/uploads\/2015\/09\/family_kreis2.png\" alt=\"Icon2\" width=\"96\" height=\"83\" \/><\/a>Familienrecht<\/h2>\n<p style=\"text-align: left;\">Rosenkriege beenden, Unterhalt sichern, Ehe scheiden, Zugewinn verteilen, Sorgerecht aufteilen, Wohnung und Hausrat zuweisen, Umgangsrechte kl\u00e4ren und Ehevertr\u00e4ge aufsetzen \u2013 wenn Sie wollen, helfen wir Ihnen.\u00a0<a href=\"https:\/\/www.anwalt-in-chemnitz.de\/?page_id=78\">Mehr dazu<\/a><\/p>\n<p>&nbsp;<\/p>\n<h2><a href=\"https:\/\/www.anwalt-in-chemnitz.de\/?page_id=80\"><img loading=\"lazy\" decoding=\"async\" class=\"alignleft\" src=\"https:\/\/www.anwalt-in-chemnitz.de\/wp-content\/uploads\/2015\/09\/Crash_Kreis2.png\" alt=\"Icon2\" width=\"96\" height=\"83\" \/><\/a>Verkehrsrecht<\/h2>\n<p>Rotlicht \u00fcberfahren, Geschwindigkeits\u00fcbertretung, Alkohol am Steuer, Bu\u00dfgeld, Strafverfahren, Unfall, Schmerzensgeld, Schadensersatz, Versicherung, F\u00fchrerschein \u2013 unser Experte hilft Ihnen weiter. <a href=\"https:\/\/www.anwalt-in-chemnitz.de\/?page_id=80\">Mehr dazu<\/a><\/p>\n<p>&nbsp;<\/p>\n<h2><a href=\"https:\/\/www.anwalt-in-chemnitz.de\/?page_id=434\"><img loading=\"lazy\" decoding=\"async\" class=\"size-full wp-image-59 alignleft\" src=\"https:\/\/www.anwalt-in-chemnitz.de\/wp-content\/uploads\/2015\/09\/sozial_kreis2.png\" alt=\"Icon2\" width=\"96\" height=\"83\" \/><\/a>Sozialrecht<\/h2>\n<p style=\"text-align: left;\">Bei Schicksalsschl\u00e4gen bedarf es oft fachlicher Unterst\u00fctzung, z.B. bei Erwerbsminderung, Rente, Berufsunf\u00e4higkeit, Arbeitsunfall, Krankenversicherung, Arbeitslosengeld und Schwerbehinderung.\u00a0<a href=\"https:\/\/www.anwalt-in-chemnitz.de\/?page_id=434\">Mehr dazu<\/a><\/p>\n","protected":false},"excerpt":{"rendered":"<p>Arbeitsrecht Wir k\u00fcmmern uns um Ihre Rechte als Arbeitgeber oder Arbeitnehmer bei \u00a0Abmahnung, K\u00fcndigung, Urlaub, Verg\u00fctung, Arbeitszeit, Abfindung, Aufhebungsvertr\u00e4gen und anderen arbeitsrechtlichen Fragestellungen. Mehr dazu &nbsp; \u00a0Miet- und Immobilienrecht Feuchte W\u00e4nde und Schimmel, M\u00e4ngel, Zahlungsr\u00fcckst\u00e4nde, Kaufvertr\u00e4ge, Streit mit Nachbarn, Mieterh\u00f6hung,&hellip; <\/p>\n","protected":false},"author":1,"featured_media":0,"parent":0,"menu_order":1,"comment_status":"closed","ping_status":"closed","template":"","meta":{"footnotes":""},"class_list":["post-30","page","type-page","status-publish","hentry"],"_links":{"self":[{"href":"https:\/\/www.anwalt-in-chemnitz.de\/index.php\/wp-json\/wp\/v2\/pages\/30","targetHints":{"allow":["GET"]}}],"collection":[{"href":"https:\/\/www.anwalt-in-chemnitz.de\/index.php\/wp-json\/wp\/v2\/pages"}],"about":[{"href":"https:\/\/www.anwalt-in-chemnitz.de\/index.php\/wp-json\/wp\/v2\/types\/page"}],"author":[{"embeddable":true,"href":"https:\/\/www.anwalt-in-chemnitz.de\/index.php\/wp-json\/wp\/v2\/users\/1"}],"replies":[{"embeddable":true,"href":"https:\/\/www.anwalt-in-chemnitz.de\/index.php\/wp-json\/wp\/v2\/comments?post=30"}],"version-history":[{"count":54,"href":"https:\/\/www.anwalt-in-chemnitz.de\/index.php\/wp-json\/wp\/v2\/pages\/30\/revisions"}],"predecessor-version":[{"id":670,"href":"https:\/\/www.anwalt-in-chemnitz.de\/index.php\/wp-json\/wp\/v2\/pages\/30\/revisions\/670"}],"wp:attachment":[{"href":"https:\/\/www.anwalt-in-chemnitz.de\/index.php\/wp-json\/wp\/v2\/media?parent=30"}],"curies":[{"name":"wp","href":"https:\/\/api.w.org\/{rel}","templated":true}]}}