{"id":80,"date":"2015-06-04T12:43:45","date_gmt":"2015-06-04T10:43:45","guid":{"rendered":"http:\/\/localhost\/wordpress-installation\/?page_id=80"},"modified":"2018-05-24T18:57:00","modified_gmt":"2018-05-24T16:57:00","slug":"verkehrsrecht","status":"publish","type":"page","link":"https:\/\/www.anwalt-in-chemnitz.de\/index.php\/verkehrsrecht\/","title":{"rendered":"Verkehrsrecht"},"content":{"rendered":"<p><a href=\"https:\/\/www.anwalt-in-chemnitz.de\/wp-content\/uploads\/2015\/10\/Verkehrsrecht_collage.png\"><img loading=\"lazy\" decoding=\"async\" class=\"alignnone size-large wp-image-695\" src=\"https:\/\/www.anwalt-in-chemnitz.de\/wp-content\/uploads\/2015\/10\/Verkehrsrecht_collage-1024x311.png\" alt=\"Verkehrsrecht\" width=\"700\" height=\"213\" srcset=\"https:\/\/www.anwalt-in-chemnitz.de\/wp-content\/uploads\/2015\/10\/Verkehrsrecht_collage-1024x311.png 1024w, https:\/\/www.anwalt-in-chemnitz.de\/wp-content\/uploads\/2015\/10\/Verkehrsrecht_collage-300x91.png 300w, https:\/\/www.anwalt-in-chemnitz.de\/wp-content\/uploads\/2015\/10\/Verkehrsrecht_collage.png 1800w\" sizes=\"auto, (max-width: 700px) 100vw, 700px\" \/><\/a><\/p>\n<p>Haben Sie einen Bu\u00dfgeldbescheid erhalten, gegen den Sie juristisch vorgehen m\u00f6chten oder sind Sie Gesch\u00e4digter eines Verkehrsunfalls oder wird Ihnen eine Straftat im Stra\u00dfenverkehr vorgeworfen?\u00a0Dann vertrauen Sie der langj\u00e4hrigen Erfahrung und Kompetenz von Rechtsanwalt <a href=\"https:\/\/www.anwalt-in-chemnitz.de\/?page_id=26\">Thomas Braun<\/a> im Verkehrsrecht.<\/p>\n<h2>Unsere Schwerpunkte im Verkehrsrecht:<\/h2>\n<p><strong>Verkehrszivilrecht<\/strong><\/p>\n<ul>\n<li>Abwicklung von Verkehrsunf\u00e4llen<\/li>\n<li>Durchsetzung von Schadensersatz- und Schmerzensgeldanspr\u00fcchen<\/li>\n<li>Gew\u00e4hrleistung und Garantie bei Autokauf (Neu- und Gebrauchtwagen)<\/li>\n<li>Rechtsprobleme bei Auto-Leasing<\/li>\n<\/ul>\n<p><strong>Verkehrsordnungswidrigkeiten<\/strong><\/p>\n<ul>\n<li>Bu\u00dfgeldbescheide<\/li>\n<li>Rotlichtverst\u00f6\u00dfe<\/li>\n<li>Geschwindigkeits\u00fcberschreitungen<\/li>\n<li>Abstandsverst\u00f6\u00dfe<\/li>\n<li>\u00dcberladung oder falsche Sicherung der Ladung<\/li>\n<\/ul>\n<p><strong>Verkehrsstraftaten<\/strong><\/p>\n<ul>\n<li>Fahren ohne Fahrerlaubnis<\/li>\n<li>Trunkenheitsfahrten<\/li>\n<li>Unerlaubtes Entfernen vom Unfallort<\/li>\n<li>Fahrl\u00e4ssige K\u00f6rperverletzung<\/li>\n<li>N\u00f6tigung<\/li>\n<li>Stra\u00dfenverkehrsgef\u00e4hrdung<\/li>\n<li>gef\u00e4hrlicher Eingriff in den Stra\u00dfenverkehr<\/li>\n<\/ul>\n<p><strong>Fahrerlaubnisrecht<\/strong><\/p>\n<ul>\n<li>Entzug der Fahrerlaubnis<\/li>\n<li>Wiedererteilung der Fahrerlaubnis<\/li>\n<li>MPU<\/li>\n<\/ul>\n","protected":false},"excerpt":{"rendered":"<p>Haben Sie einen Bu\u00dfgeldbescheid erhalten, gegen den Sie juristisch vorgehen m\u00f6chten oder sind Sie Gesch\u00e4digter eines Verkehrsunfalls oder wird Ihnen eine Straftat im Stra\u00dfenverkehr vorgeworfen?\u00a0Dann vertrauen Sie der langj\u00e4hrigen Erfahrung und Kompetenz von Rechtsanwalt Thomas Braun im Verkehrsrecht. Unsere Schwerpunkte&hellip; <\/p>\n","protected":false},"author":1,"featured_media":0,"parent":0,"menu_order":5,"comment_status":"closed","ping_status":"closed","template":"","meta":{"footnotes":""},"class_list":["post-80","page","type-page","status-publish","hentry"],"_links":{"self":[{"href":"https:\/\/www.anwalt-in-chemnitz.de\/index.php\/wp-json\/wp\/v2\/pages\/80","targetHints":{"allow":["GET"]}}],"collection":[{"href":"https:\/\/www.anwalt-in-chemnitz.de\/index.php\/wp-json\/wp\/v2\/pages"}],"about":[{"href":"https:\/\/www.anwalt-in-chemnitz.de\/index.php\/wp-json\/wp\/v2\/types\/page"}],"author":[{"embeddable":true,"href":"https:\/\/www.anwalt-in-chemnitz.de\/index.php\/wp-json\/wp\/v2\/users\/1"}],"replies":[{"embeddable":true,"href":"https:\/\/www.anwalt-in-chemnitz.de\/index.php\/wp-json\/wp\/v2\/comments?post=80"}],"version-history":[{"count":11,"href":"https:\/\/www.anwalt-in-chemnitz.de\/index.php\/wp-json\/wp\/v2\/pages\/80\/revisions"}],"predecessor-version":[{"id":706,"href":"https:\/\/www.anwalt-in-chemnitz.de\/index.php\/wp-json\/wp\/v2\/pages\/80\/revisions\/706"}],"wp:attachment":[{"href":"https:\/\/www.anwalt-in-chemnitz.de\/index.php\/wp-json\/wp\/v2\/media?parent=80"}],"curies":[{"name":"wp","href":"https:\/\/api.w.org\/{rel}","templated":true}]}}